{"id":16815,"date":"2023-08-17T15:09:57","date_gmt":"2023-08-17T09:39:57","guid":{"rendered":"https:\/\/beatroute.io\/?page_id=16815"},"modified":"2026-01-13T17:42:52","modified_gmt":"2026-01-13T17:42:52","slug":"programa-de-inicio","status":"publish","type":"page","link":"https:\/\/beatroute.io\/es\/programa-de-inicio\/","title":{"rendered":"Solicitar el Programa Startup"},"content":{"rendered":"<div data-elementor-type=\"wp-page\" data-elementor-id=\"16815\" class=\"elementor elementor-16815\" data-elementor-settings=\"{&quot;element_pack_global_tooltip_width&quot;:{&quot;unit&quot;:&quot;px&quot;,&quot;size&quot;:&quot;&quot;,&quot;sizes&quot;:[]},&quot;element_pack_global_tooltip_width_tablet&quot;:{&quot;unit&quot;:&quot;px&quot;,&quot;size&quot;:&quot;&quot;,&quot;sizes&quot;:[]},&quot;element_pack_global_tooltip_width_mobile&quot;:{&quot;unit&quot;:&quot;px&quot;,&quot;size&quot;:&quot;&quot;,&quot;sizes&quot;:[]},&quot;element_pack_global_tooltip_padding&quot;:{&quot;unit&quot;:&quot;px&quot;,&quot;top&quot;:&quot;&quot;,&quot;right&quot;:&quot;&quot;,&quot;bottom&quot;:&quot;&quot;,&quot;left&quot;:&quot;&quot;,&quot;isLinked&quot;:true},&quot;element_pack_global_tooltip_padding_tablet&quot;:{&quot;unit&quot;:&quot;px&quot;,&quot;top&quot;:&quot;&quot;,&quot;right&quot;:&quot;&quot;,&quot;bottom&quot;:&quot;&quot;,&quot;left&quot;:&quot;&quot;,&quot;isLinked&quot;:true},&quot;element_pack_global_tooltip_padding_mobile&quot;:{&quot;unit&quot;:&quot;px&quot;,&quot;top&quot;:&quot;&quot;,&quot;right&quot;:&quot;&quot;,&quot;bottom&quot;:&quot;&quot;,&quot;left&quot;:&quot;&quot;,&quot;isLinked&quot;:true},&quot;element_pack_global_tooltip_border_radius&quot;:{&quot;unit&quot;:&quot;px&quot;,&quot;top&quot;:&quot;&quot;,&quot;right&quot;:&quot;&quot;,&quot;bottom&quot;:&quot;&quot;,&quot;left&quot;:&quot;&quot;,&quot;isLinked&quot;:true},&quot;element_pack_global_tooltip_border_radius_tablet&quot;:{&quot;unit&quot;:&quot;px&quot;,&quot;top&quot;:&quot;&quot;,&quot;right&quot;:&quot;&quot;,&quot;bottom&quot;:&quot;&quot;,&quot;left&quot;:&quot;&quot;,&quot;isLinked&quot;:true},&quot;element_pack_global_tooltip_border_radius_mobile&quot;:{&quot;unit&quot;:&quot;px&quot;,&quot;top&quot;:&quot;&quot;,&quot;right&quot;:&quot;&quot;,&quot;bottom&quot;:&quot;&quot;,&quot;left&quot;:&quot;&quot;,&quot;isLinked&quot;:true}}\">\n\t\t\t\t<div class=\"elementor-element elementor-element-88c933d e-flex e-con-boxed e-con e-parent\" data-id=\"88c933d\" data-element_type=\"container\" data-e-type=\"container\" data-settings=\"{&quot;background_background&quot;:&quot;gradient&quot;}\">\n\t\t\t\t\t<div class=\"e-con-inner\">\n\t\t<div class=\"elementor-element elementor-element-6a106c5 e-con-full e-flex e-con e-child\" data-id=\"6a106c5\" data-element_type=\"container\" data-e-type=\"container\">\n\t\t\t\t<div class=\"elementor-element elementor-element-a39107e elementor-widget elementor-widget-heading\" data-id=\"a39107e\" data-element_type=\"widget\" data-e-type=\"widget\" data-widget_type=\"heading.default\">\n\t\t\t\t<div class=\"elementor-widget-container\">\n\t\t\t\t\t<h2 class=\"elementor-heading-title elementor-size-default\">Solicitar el Programa Startup<\/h2>\t\t\t\t<\/div>\n\t\t\t\t<\/div>\n\t\t\t\t<div class=\"elementor-element elementor-element-773b911 elementor-widget elementor-widget-text-editor\" data-id=\"773b911\" data-element_type=\"widget\" data-e-type=\"widget\" data-widget_type=\"text-editor.default\">\n\t\t\t\t<div class=\"elementor-widget-container\">\n\t\t\t\t\t\t\t\t\t<p>Los clientes empresariales obtienen un valor considerable de la escalabilidad y facilidad de integraci\u00f3n de BeatRoute. Sin embargo, si eres una startup y todav\u00eda crees que lo digital es el \u00fanico camino para ti, puedes beneficiarte potencialmente de nuestro \"Startup Program\".<\/p><p>Se ha creado espec\u00edficamente para las empresas emergentes con menos de 50 ejecutivos de ventas o menos de 500 clientes\/socios y ofrece una prueba gratuita de 21 d\u00edas de la plataforma exclusiva para empresas emergentes. Presente su solicitud. Nuestro equipo evaluar\u00e1 su solicitud y le responder\u00e1 lo antes posible.<\/p><p>Si ya se encuentra en una fase empresarial, este programa no ser\u00e1 adecuado para usted, y en su lugar deber\u00e1 solicitar una demostraci\u00f3n personalizada de la plataforma a nuestra\u00a0<a style=\"background-color: #ffffff;\" href=\"https:\/\/beatroute.io\/es\/solicite-una-demostracion\/\">solicite una demostraci\u00f3n<\/a>\u00a0p\u00e1gina.<\/p>\t\t\t\t\t\t\t\t<\/div>\n\t\t\t\t<\/div>\n\t\t\t\t<\/div>\n\t\t<div class=\"elementor-element elementor-element-d23df66 e-con-full e-flex e-con e-child\" data-id=\"d23df66\" data-element_type=\"container\" data-e-type=\"container\">\n\t\t\t\t<div class=\"elementor-element elementor-element-f2567aa forms-outer elementor-widget elementor-widget-hubspot-form\" data-id=\"f2567aa\" data-element_type=\"widget\" data-e-type=\"widget\" data-widget_type=\"hubspot-form.default\">\n\t\t\t\t<div class=\"elementor-widget-container\">\n\t\t\t\t\t\n\t\t\t\t\t\t<script>\n\t\t\t\t\t\t\twindow.hsFormsOnReady = window.hsFormsOnReady || [];\n\t\t\t\t\t\t\twindow.hsFormsOnReady.push(()=>{\n\t\t\t\t\t\t\t\thbspt.forms.create({\n\t\t\t\t\t\t\t\t\tportalId: 7668035,\n\t\t\t\t\t\t\t\t\tformId: \"41882caa-a487-4639-b836-20b1827a4029\",\n\t\t\t\t\t\t\t\t\ttarget: \"#hbspt-form-1778249887000-1204864592\",\n\t\t\t\t\t\t\t\t\tregion: \"na1\",\n\t\t\t\t\t\t\t\t\t\n\t\t\t\t\t\t\t})});\n\t\t\t\t\t\t<\/script>\n\t\t\t\t\t\t<div class=\"hbspt-form\" id=\"hbspt-form-1778249887000-1204864592\"><\/div>\t\t\t\t<\/div>\n\t\t\t\t<\/div>\n\t\t\t\t<\/div>\n\t\t\t\t\t<\/div>\n\t\t\t\t<\/div>\n\t\t<div class=\"elementor-element elementor-element-8424562 e-flex e-con-boxed e-con e-parent\" data-id=\"8424562\" data-element_type=\"container\" data-e-type=\"container\">\n\t\t\t\t\t<div class=\"e-con-inner\">\n\t\t\t\t<div class=\"elementor-element elementor-element-a6606d7 elementor-widget elementor-widget-spacer\" data-id=\"a6606d7\" data-element_type=\"widget\" data-e-type=\"widget\" data-widget_type=\"spacer.default\">\n\t\t\t\t<div class=\"elementor-widget-container\">\n\t\t\t\t\t\t\t<div class=\"elementor-spacer\">\n\t\t\t<div class=\"elementor-spacer-inner\"><\/div>\n\t\t<\/div>\n\t\t\t\t\t\t<\/div>\n\t\t\t\t<\/div>\n\t\t\t\t\t<\/div>\n\t\t\t\t<\/div>\n\t\t\t\t<\/div>","protected":false},"excerpt":{"rendered":"<p>Apply for the Startup Program Enterprise customers derive considerable value from BeatRoute&#8217;s scalability and integration friendliness. However, if you are a startup [&hellip;]<\/p>\n","protected":false},"author":2,"featured_media":58968,"parent":0,"menu_order":0,"comment_status":"closed","ping_status":"closed","template":"","meta":{"_acf_changed":false,"_rsf_enable":false,"content-type":"","footnotes":""},"class_list":["post-16815","page","type-page","status-publish","has-post-thumbnail","hentry"],"acf":[],"_links":{"self":[{"href":"https:\/\/beatroute.io\/es\/wp-json\/wp\/v2\/pages\/16815","targetHints":{"allow":["GET"]}}],"collection":[{"href":"https:\/\/beatroute.io\/es\/wp-json\/wp\/v2\/pages"}],"about":[{"href":"https:\/\/beatroute.io\/es\/wp-json\/wp\/v2\/types\/page"}],"author":[{"embeddable":true,"href":"https:\/\/beatroute.io\/es\/wp-json\/wp\/v2\/users\/2"}],"replies":[{"embeddable":true,"href":"https:\/\/beatroute.io\/es\/wp-json\/wp\/v2\/comments?post=16815"}],"version-history":[{"count":5,"href":"https:\/\/beatroute.io\/es\/wp-json\/wp\/v2\/pages\/16815\/revisions"}],"predecessor-version":[{"id":69637,"href":"https:\/\/beatroute.io\/es\/wp-json\/wp\/v2\/pages\/16815\/revisions\/69637"}],"wp:featuredmedia":[{"embeddable":true,"href":"https:\/\/beatroute.io\/es\/wp-json\/wp\/v2\/media\/58968"}],"wp:attachment":[{"href":"https:\/\/beatroute.io\/es\/wp-json\/wp\/v2\/media?parent=16815"}],"curies":[{"name":"wp","href":"https:\/\/api.w.org\/{rel}","templated":true}]}}