{"id":16941,"date":"2023-08-23T10:44:50","date_gmt":"2023-08-23T05:14:50","guid":{"rendered":"https:\/\/beatroute.io\/?page_id=16941"},"modified":"2023-08-23T10:44:50","modified_gmt":"2023-08-23T05:14:50","slug":"politica-editorial","status":"publish","type":"page","link":"https:\/\/beatroute.io\/es\/politica-editorial\/","title":{"rendered":"Pol\u00edtica editorial de BeatRoute"},"content":{"rendered":"<div data-elementor-type=\"wp-page\" data-elementor-id=\"16941\" class=\"elementor elementor-16941\" data-elementor-settings=\"{&quot;element_pack_global_tooltip_width&quot;:{&quot;unit&quot;:&quot;px&quot;,&quot;size&quot;:&quot;&quot;,&quot;sizes&quot;:[]},&quot;element_pack_global_tooltip_width_tablet&quot;:{&quot;unit&quot;:&quot;px&quot;,&quot;size&quot;:&quot;&quot;,&quot;sizes&quot;:[]},&quot;element_pack_global_tooltip_width_mobile&quot;:{&quot;unit&quot;:&quot;px&quot;,&quot;size&quot;:&quot;&quot;,&quot;sizes&quot;:[]},&quot;element_pack_global_tooltip_padding&quot;:{&quot;unit&quot;:&quot;px&quot;,&quot;top&quot;:&quot;&quot;,&quot;right&quot;:&quot;&quot;,&quot;bottom&quot;:&quot;&quot;,&quot;left&quot;:&quot;&quot;,&quot;isLinked&quot;:true},&quot;element_pack_global_tooltip_padding_tablet&quot;:{&quot;unit&quot;:&quot;px&quot;,&quot;top&quot;:&quot;&quot;,&quot;right&quot;:&quot;&quot;,&quot;bottom&quot;:&quot;&quot;,&quot;left&quot;:&quot;&quot;,&quot;isLinked&quot;:true},&quot;element_pack_global_tooltip_padding_mobile&quot;:{&quot;unit&quot;:&quot;px&quot;,&quot;top&quot;:&quot;&quot;,&quot;right&quot;:&quot;&quot;,&quot;bottom&quot;:&quot;&quot;,&quot;left&quot;:&quot;&quot;,&quot;isLinked&quot;:true},&quot;element_pack_global_tooltip_border_radius&quot;:{&quot;unit&quot;:&quot;px&quot;,&quot;top&quot;:&quot;&quot;,&quot;right&quot;:&quot;&quot;,&quot;bottom&quot;:&quot;&quot;,&quot;left&quot;:&quot;&quot;,&quot;isLinked&quot;:true},&quot;element_pack_global_tooltip_border_radius_tablet&quot;:{&quot;unit&quot;:&quot;px&quot;,&quot;top&quot;:&quot;&quot;,&quot;right&quot;:&quot;&quot;,&quot;bottom&quot;:&quot;&quot;,&quot;left&quot;:&quot;&quot;,&quot;isLinked&quot;:true},&quot;element_pack_global_tooltip_border_radius_mobile&quot;:{&quot;unit&quot;:&quot;px&quot;,&quot;top&quot;:&quot;&quot;,&quot;right&quot;:&quot;&quot;,&quot;bottom&quot;:&quot;&quot;,&quot;left&quot;:&quot;&quot;,&quot;isLinked&quot;:true}}\">\n\t\t\t\t\t\t<section class=\"elementor-section elementor-top-section elementor-element elementor-element-6de332da elementor-section-content-top elementor-section-boxed elementor-section-height-default elementor-section-height-default\" data-id=\"6de332da\" data-element_type=\"section\" data-e-type=\"section\" data-settings=\"{&quot;background_background&quot;:&quot;gradient&quot;}\">\n\t\t\t\t\t\t<div class=\"elementor-container elementor-column-gap-no\">\n\t\t\t\t\t<div class=\"elementor-column elementor-col-100 elementor-top-column elementor-element elementor-element-60cd65c2\" data-id=\"60cd65c2\" data-element_type=\"column\" data-e-type=\"column\">\n\t\t\t<div class=\"elementor-widget-wrap elementor-element-populated\">\n\t\t\t\t\t\t<div class=\"elementor-element elementor-element-2d325375 elementor-widget elementor-widget-spacer\" data-id=\"2d325375\" data-element_type=\"widget\" data-e-type=\"widget\" data-widget_type=\"spacer.default\">\n\t\t\t\t<div class=\"elementor-widget-container\">\n\t\t\t\t\t\t\t<div class=\"elementor-spacer\">\n\t\t\t<div class=\"elementor-spacer-inner\"><\/div>\n\t\t<\/div>\n\t\t\t\t\t\t<\/div>\n\t\t\t\t<\/div>\n\t\t\t\t<section class=\"elementor-section elementor-inner-section elementor-element elementor-element-3ba7a41b elementor-section-content-top elementor-section-boxed elementor-section-height-default elementor-section-height-default\" data-id=\"3ba7a41b\" data-element_type=\"section\" data-e-type=\"section\">\n\t\t\t\t\t\t<div class=\"elementor-container elementor-column-gap-extended\">\n\t\t\t\t\t<div class=\"elementor-column elementor-col-100 elementor-inner-column elementor-element elementor-element-5b37e866\" data-id=\"5b37e866\" data-element_type=\"column\" data-e-type=\"column\">\n\t\t\t<div class=\"elementor-widget-wrap elementor-element-populated\">\n\t\t\t\t\t\t<div class=\"elementor-element elementor-element-5e33f08a elementor-widget elementor-widget-spacer\" data-id=\"5e33f08a\" data-element_type=\"widget\" data-e-type=\"widget\" data-widget_type=\"spacer.default\">\n\t\t\t\t<div class=\"elementor-widget-container\">\n\t\t\t\t\t\t\t<div class=\"elementor-spacer\">\n\t\t\t<div class=\"elementor-spacer-inner\"><\/div>\n\t\t<\/div>\n\t\t\t\t\t\t<\/div>\n\t\t\t\t<\/div>\n\t\t\t\t<div class=\"elementor-element elementor-element-fc14622 elementor-widget elementor-widget-heading\" data-id=\"fc14622\" data-element_type=\"widget\" data-e-type=\"widget\" data-widget_type=\"heading.default\">\n\t\t\t\t<div class=\"elementor-widget-container\">\n\t\t\t\t\t<h1 class=\"elementor-heading-title elementor-size-default\">Pol\u00edtica editorial de BeatRoute<\/h1>\t\t\t\t<\/div>\n\t\t\t\t<\/div>\n\t\t\t\t\t<\/div>\n\t\t<\/div>\n\t\t\t\t\t<\/div>\n\t\t<\/section>\n\t\t\t\t\t<\/div>\n\t\t<\/div>\n\t\t\t\t\t<\/div>\n\t\t<\/section>\n\t\t\t\t<section class=\"elementor-section elementor-top-section elementor-element elementor-element-4676a39 elementor-section-boxed elementor-section-height-default elementor-section-height-default\" data-id=\"4676a39\" data-element_type=\"section\" data-e-type=\"section\">\n\t\t\t\t\t\t<div class=\"elementor-container elementor-column-gap-default\">\n\t\t\t\t\t<div class=\"elementor-column elementor-col-100 elementor-top-column elementor-element elementor-element-0d3a846\" data-id=\"0d3a846\" data-element_type=\"column\" data-e-type=\"column\">\n\t\t\t<div class=\"elementor-widget-wrap elementor-element-populated\">\n\t\t\t\t\t\t<div class=\"elementor-element elementor-element-b3bbda6 elementor-widget elementor-widget-spacer\" data-id=\"b3bbda6\" data-element_type=\"widget\" data-e-type=\"widget\" data-widget_type=\"spacer.default\">\n\t\t\t\t<div class=\"elementor-widget-container\">\n\t\t\t\t\t\t\t<div class=\"elementor-spacer\">\n\t\t\t<div class=\"elementor-spacer-inner\"><\/div>\n\t\t<\/div>\n\t\t\t\t\t\t<\/div>\n\t\t\t\t<\/div>\n\t\t\t\t<div class=\"elementor-element elementor-element-cb3a230 elementor-widget elementor-widget-text-editor\" data-id=\"cb3a230\" data-element_type=\"widget\" data-e-type=\"widget\" data-widget_type=\"text-editor.default\">\n\t\t\t\t<div class=\"elementor-widget-container\">\n\t\t\t\t\t\t\t\t\t<p><span style=\"font-weight: 400;\">En BeatRoute nos tomamos muy en serio la veracidad y originalidad de la informaci\u00f3n. Todos los art\u00edculos que publicamos, ya sean entradas de blog, posts en redes sociales o textos publicitarios, se revisan a varios niveles antes de su publicaci\u00f3n. Hacemos esto para garantizar que nuestros lectores puedan confiar en lo que escribimos y para que nuestros textos sean siempre de primera calidad.\u00a0<\/span><\/p>\n<p><span style=\"font-weight: 400;\">Para cumplir los principios de imparcialidad, relevancia, frescura y autoridad, nuestras publicaciones se someten a cinco pasos cr\u00edticos.\u00a0<\/span><\/p>\n<p><span style=\"font-weight: 400;\">Estos son:<\/span><\/p>\n<ul>\n<li style=\"font-weight: 400;\" aria-level=\"1\"><span style=\"font-weight: 400;\">Investigaci\u00f3n exhaustiva<\/span><\/li>\n<li style=\"font-weight: 400;\" aria-level=\"1\"><span style=\"font-weight: 400;\">Creaci\u00f3n de contenidos<\/span><\/li>\n<li style=\"font-weight: 400;\" aria-level=\"1\"><span style=\"font-weight: 400;\">Control de calidad (revisi\u00f3n y sugerencias)<\/span><\/li>\n<li style=\"font-weight: 400;\" aria-level=\"1\"><span style=\"font-weight: 400;\">Modificaci\u00f3n del contenido<\/span><\/li>\n<li style=\"font-weight: 400;\" aria-level=\"1\"><span style=\"font-weight: 400;\">Publicaci\u00f3n<\/span><\/li>\n<\/ul>\n<p><span style=\"font-weight: 400;\">Adem\u00e1s, comprobamos peri\u00f3dicamente nuestros contenidos y, en caso necesario, aplicamos una sexta medida:\u00a0<\/span><\/p>\n<ul>\n<li style=\"font-weight: 400;\" aria-level=\"1\"><span style=\"font-weight: 400;\">Actualizaci\u00f3n de contenidos<\/span><\/li>\n<\/ul>\n<h2><b>Investigaci\u00f3n exhaustiva<\/b><\/h2>\n<p><span style=\"font-weight: 400;\">La investigaci\u00f3n es el santo grial de todas las formas de escritura, ya sea informativa o persuasiva. Nuestro equipo de SEO proporciona a nuestros autores res\u00famenes detallados con instrucciones y expectativas del art\u00edculo y nuestros autores se toman su tiempo para diseccionar cada tema de la a a la z; se aseguran de que antes de empezar a escribir, tienen toda la informaci\u00f3n a su alcance. De este modo se obtienen copias tan detalladas como fiables.\u00a0<\/span><\/p>\n<h2><b>Creaci\u00f3n de contenidos<\/b><\/h2>\n<p><span style=\"font-weight: 400;\">Una vez realizada la investigaci\u00f3n, nuestros autores expertos (con experiencia en automatizaci\u00f3n de la fuerza de ventas, venta al por menor, bienes de consumo de alta rotaci\u00f3n y bienes de consumo envasados, entre otros temas) pasan a la parte m\u00e1s dif\u00edcil del trabajo: poner tinta en el papel o, en nuestro caso, palabras en una herramienta de creaci\u00f3n de contenidos. Toman lo que tienen de la investigaci\u00f3n, separan lo que necesitan de lo que no, crean un esquema y se ponen a escribir. No hay prisas innecesarias, ya que creemos que escribir bien lleva su tiempo y, con colaboradores expertos, lo tenemos todo pensado.<\/span><\/p>\n<h2><b>Control de calidad (revisi\u00f3n y sugerencias)<\/b><\/h2>\n<p><span style=\"font-weight: 400;\">Una vez terminado el texto, el autor lo env\u00eda al corrector o editor de calidad para que eval\u00fae los errores tipogr\u00e1ficos, la gram\u00e1tica, la ortograf\u00eda, el tono y la informaci\u00f3n. Nuestros editores son autores experimentados y expertos por derecho propio, y son excelentes jueces de los contenidos buenos y malos. Revisan el art\u00edculo en detalle, comprueban que no haya problemas, verifican los hiperv\u00ednculos, a\u00f1aden sugerencias claras y devuelven el documento al autor para que lo modifique.<\/span><\/p>\n<h2><b>Modificaci\u00f3n del contenido<\/b><\/h2>\n<p><span style=\"font-weight: 400;\">El autor, una vez recibido de vuelta el documento con las sugerencias a\u00f1adidas, se pone manos a la obra para enmendar la obra seg\u00fan sea necesario. Durante el proceso, puede producirse alg\u00fan di\u00e1logo entre el autor y el editor para asegurarse de que la copia final es realmente la m\u00e1s publicable, libre de prejuicios, errores o pelusas. Es la \u00faltima l\u00ednea de defensa antes de la publicaci\u00f3n. Esta fase tambi\u00e9n incluye la finalizaci\u00f3n de los gr\u00e1ficos o im\u00e1genes que acompa\u00f1ar\u00e1n al post.\u00a0<\/span><\/p>\n<h2><b>Publicaci\u00f3n<\/b><\/h2>\n<p><span style=\"font-weight: 400;\">Una vez que el editor y el autor han dado el visto bueno, el post se publica en nuestra p\u00e1gina para nuestros lectores. Antes de pulsar el bot\u00f3n de publicaci\u00f3n, volvemos a comprobarlo todo una vez m\u00e1s para que sea visible para todo el mundo.\u00a0<\/span><\/p>\n<h2><b>Actualizaci\u00f3n de contenidos<\/b><\/h2>\n<p><span style=\"font-weight: 400;\">Nuestro equipo SEO y los autores colaboran peri\u00f3dicamente para reevaluar las entradas del blog. Si encontramos margen de mejora o hay nueva informaci\u00f3n que podamos a\u00f1adir en un post, lo hacemos r\u00e1pidamente. Esto hace que nuestro blog est\u00e9 actualizado y rebosante de informaci\u00f3n que puede utilizar de forma pr\u00e1ctica.\u00a0<\/span><\/p>\t\t\t\t\t\t\t\t<\/div>\n\t\t\t\t<\/div>\n\t\t\t\t\t<\/div>\n\t\t<\/div>\n\t\t\t\t\t<\/div>\n\t\t<\/section>\n\t\t\t\t<\/div>","protected":false},"excerpt":{"rendered":"<p>Editorial Policy of BeatRoute At BeatRoute, we take information veracity and originality very seriously. Every piece that goes out &#8211; blog posts, [&hellip;]<\/p>\n","protected":false},"author":2,"featured_media":58968,"parent":0,"menu_order":0,"comment_status":"closed","ping_status":"closed","template":"","meta":{"_acf_changed":false,"_rsf_enable":false,"content-type":"","footnotes":""},"class_list":["post-16941","page","type-page","status-publish","has-post-thumbnail","hentry"],"acf":[],"_links":{"self":[{"href":"https:\/\/beatroute.io\/es\/wp-json\/wp\/v2\/pages\/16941","targetHints":{"allow":["GET"]}}],"collection":[{"href":"https:\/\/beatroute.io\/es\/wp-json\/wp\/v2\/pages"}],"about":[{"href":"https:\/\/beatroute.io\/es\/wp-json\/wp\/v2\/types\/page"}],"author":[{"embeddable":true,"href":"https:\/\/beatroute.io\/es\/wp-json\/wp\/v2\/users\/2"}],"replies":[{"embeddable":true,"href":"https:\/\/beatroute.io\/es\/wp-json\/wp\/v2\/comments?post=16941"}],"version-history":[{"count":0,"href":"https:\/\/beatroute.io\/es\/wp-json\/wp\/v2\/pages\/16941\/revisions"}],"wp:featuredmedia":[{"embeddable":true,"href":"https:\/\/beatroute.io\/es\/wp-json\/wp\/v2\/media\/58968"}],"wp:attachment":[{"href":"https:\/\/beatroute.io\/es\/wp-json\/wp\/v2\/media?parent=16941"}],"curies":[{"name":"wp","href":"https:\/\/api.w.org\/{rel}","templated":true}]}}