{"id":8815,"date":"2021-07-08T04:03:54","date_gmt":"2021-07-08T04:03:54","guid":{"rendered":"https:\/\/brtest.live-website.com\/?page_id=8815"},"modified":"2021-07-08T04:03:54","modified_gmt":"2021-07-08T04:03:54","slug":"condiciones","status":"publish","type":"page","link":"https:\/\/beatroute.io\/es\/condiciones\/","title":{"rendered":"Condiciones generales"},"content":{"rendered":"<div data-elementor-type=\"wp-page\" data-elementor-id=\"8815\" class=\"elementor elementor-8815\" data-elementor-settings=\"{&quot;element_pack_global_tooltip_width&quot;:{&quot;unit&quot;:&quot;px&quot;,&quot;size&quot;:&quot;&quot;,&quot;sizes&quot;:[]},&quot;element_pack_global_tooltip_width_tablet&quot;:{&quot;unit&quot;:&quot;px&quot;,&quot;size&quot;:&quot;&quot;,&quot;sizes&quot;:[]},&quot;element_pack_global_tooltip_width_mobile&quot;:{&quot;unit&quot;:&quot;px&quot;,&quot;size&quot;:&quot;&quot;,&quot;sizes&quot;:[]},&quot;element_pack_global_tooltip_padding&quot;:{&quot;unit&quot;:&quot;px&quot;,&quot;top&quot;:&quot;&quot;,&quot;right&quot;:&quot;&quot;,&quot;bottom&quot;:&quot;&quot;,&quot;left&quot;:&quot;&quot;,&quot;isLinked&quot;:true},&quot;element_pack_global_tooltip_padding_tablet&quot;:{&quot;unit&quot;:&quot;px&quot;,&quot;top&quot;:&quot;&quot;,&quot;right&quot;:&quot;&quot;,&quot;bottom&quot;:&quot;&quot;,&quot;left&quot;:&quot;&quot;,&quot;isLinked&quot;:true},&quot;element_pack_global_tooltip_padding_mobile&quot;:{&quot;unit&quot;:&quot;px&quot;,&quot;top&quot;:&quot;&quot;,&quot;right&quot;:&quot;&quot;,&quot;bottom&quot;:&quot;&quot;,&quot;left&quot;:&quot;&quot;,&quot;isLinked&quot;:true},&quot;element_pack_global_tooltip_border_radius&quot;:{&quot;unit&quot;:&quot;px&quot;,&quot;top&quot;:&quot;&quot;,&quot;right&quot;:&quot;&quot;,&quot;bottom&quot;:&quot;&quot;,&quot;left&quot;:&quot;&quot;,&quot;isLinked&quot;:true},&quot;element_pack_global_tooltip_border_radius_tablet&quot;:{&quot;unit&quot;:&quot;px&quot;,&quot;top&quot;:&quot;&quot;,&quot;right&quot;:&quot;&quot;,&quot;bottom&quot;:&quot;&quot;,&quot;left&quot;:&quot;&quot;,&quot;isLinked&quot;:true},&quot;element_pack_global_tooltip_border_radius_mobile&quot;:{&quot;unit&quot;:&quot;px&quot;,&quot;top&quot;:&quot;&quot;,&quot;right&quot;:&quot;&quot;,&quot;bottom&quot;:&quot;&quot;,&quot;left&quot;:&quot;&quot;,&quot;isLinked&quot;:true}}\">\n\t\t\t\t\t\t<section class=\"elementor-section elementor-top-section elementor-element elementor-element-6de332da elementor-section-content-top elementor-section-boxed elementor-section-height-default elementor-section-height-default\" data-id=\"6de332da\" data-element_type=\"section\" data-e-type=\"section\" data-settings=\"{&quot;background_background&quot;:&quot;gradient&quot;}\">\n\t\t\t\t\t\t<div class=\"elementor-container elementor-column-gap-no\">\n\t\t\t\t\t<div class=\"elementor-column elementor-col-100 elementor-top-column elementor-element elementor-element-60cd65c2\" data-id=\"60cd65c2\" data-element_type=\"column\" data-e-type=\"column\">\n\t\t\t<div class=\"elementor-widget-wrap elementor-element-populated\">\n\t\t\t\t\t\t<div class=\"elementor-element elementor-element-2d325375 elementor-widget elementor-widget-spacer\" data-id=\"2d325375\" data-element_type=\"widget\" data-e-type=\"widget\" data-widget_type=\"spacer.default\">\n\t\t\t\t<div class=\"elementor-widget-container\">\n\t\t\t\t\t\t\t<div class=\"elementor-spacer\">\n\t\t\t<div class=\"elementor-spacer-inner\"><\/div>\n\t\t<\/div>\n\t\t\t\t\t\t<\/div>\n\t\t\t\t<\/div>\n\t\t\t\t<section class=\"elementor-section elementor-inner-section elementor-element elementor-element-3ba7a41b elementor-section-content-top elementor-section-boxed elementor-section-height-default elementor-section-height-default\" data-id=\"3ba7a41b\" data-element_type=\"section\" data-e-type=\"section\">\n\t\t\t\t\t\t<div class=\"elementor-container elementor-column-gap-extended\">\n\t\t\t\t\t<div class=\"elementor-column elementor-col-100 elementor-inner-column elementor-element elementor-element-5b37e866\" data-id=\"5b37e866\" data-element_type=\"column\" data-e-type=\"column\">\n\t\t\t<div class=\"elementor-widget-wrap elementor-element-populated\">\n\t\t\t\t\t\t<div class=\"elementor-element elementor-element-5e33f08a elementor-widget elementor-widget-spacer\" data-id=\"5e33f08a\" data-element_type=\"widget\" data-e-type=\"widget\" data-widget_type=\"spacer.default\">\n\t\t\t\t<div class=\"elementor-widget-container\">\n\t\t\t\t\t\t\t<div class=\"elementor-spacer\">\n\t\t\t<div class=\"elementor-spacer-inner\"><\/div>\n\t\t<\/div>\n\t\t\t\t\t\t<\/div>\n\t\t\t\t<\/div>\n\t\t\t\t<div class=\"elementor-element elementor-element-fc14622 elementor-widget elementor-widget-heading\" data-id=\"fc14622\" data-element_type=\"widget\" data-e-type=\"widget\" data-widget_type=\"heading.default\">\n\t\t\t\t<div class=\"elementor-widget-container\">\n\t\t\t\t\t<h2 class=\"elementor-heading-title elementor-size-default\">Condiciones generales<\/h2>\t\t\t\t<\/div>\n\t\t\t\t<\/div>\n\t\t\t\t\t<\/div>\n\t\t<\/div>\n\t\t\t\t\t<\/div>\n\t\t<\/section>\n\t\t\t\t\t<\/div>\n\t\t<\/div>\n\t\t\t\t\t<\/div>\n\t\t<\/section>\n\t\t\t\t<section class=\"elementor-section elementor-top-section elementor-element elementor-element-4676a39 elementor-section-boxed elementor-section-height-default elementor-section-height-default\" data-id=\"4676a39\" data-element_type=\"section\" data-e-type=\"section\">\n\t\t\t\t\t\t<div class=\"elementor-container elementor-column-gap-default\">\n\t\t\t\t\t<div class=\"elementor-column elementor-col-100 elementor-top-column elementor-element elementor-element-0d3a846\" data-id=\"0d3a846\" data-element_type=\"column\" data-e-type=\"column\">\n\t\t\t<div class=\"elementor-widget-wrap elementor-element-populated\">\n\t\t\t\t\t\t<div class=\"elementor-element elementor-element-b3bbda6 elementor-widget elementor-widget-spacer\" data-id=\"b3bbda6\" data-element_type=\"widget\" data-e-type=\"widget\" data-widget_type=\"spacer.default\">\n\t\t\t\t<div class=\"elementor-widget-container\">\n\t\t\t\t\t\t\t<div class=\"elementor-spacer\">\n\t\t\t<div class=\"elementor-spacer-inner\"><\/div>\n\t\t<\/div>\n\t\t\t\t\t\t<\/div>\n\t\t\t\t<\/div>\n\t\t\t\t<div class=\"elementor-element elementor-element-cb3a230 elementor-widget elementor-widget-text-editor\" data-id=\"cb3a230\" data-element_type=\"widget\" data-e-type=\"widget\" data-widget_type=\"text-editor.default\">\n\t\t\t\t<div class=\"elementor-widget-container\">\n\t\t\t\t\t\t\t\t\t\n<div class=\"hygiene-text-wrap\">\n<div class=\"hygiene-text-wrap\">\n<h2 class=\"wp-block-heading\">Visi\u00f3n general<\/h2>\n<p>BeatRoute es un producto de BeatRoute Innovations Pvt. Ltd. En BeatRoute somos conscientes de establecer unas condiciones de uso claras para nuestro producto, de modo que podamos proteger su propiedad intelectual, as\u00ed como la nuestra, su privacidad y sus derechos legales.<\/p>\n<p>BeatRoute Innovations Pvt. Ltd. ofrece esta aplicaci\u00f3n m\u00f3vil y portal, incluyendo toda la informaci\u00f3n, herramientas y servicios disponibles en este sitio para usted, el usuario, condicionado a la aceptaci\u00f3n de todos los t\u00e9rminos, condiciones, pol\u00edticas y avisos aqu\u00ed expuestos.<br><br><br><\/p>\n<\/div>\n<div class=\"hygiene-text-wrap\">\n<h2>Visitantes de nuestro sitio web - BeatRoute.io<\/h2>\n<p>Si navega por nuestro sitio web, acepta nuestra pol\u00edtica de cookies. En la pr\u00e1ctica, tambi\u00e9n mostramos una declaraci\u00f3n \u00fanica de uso de cookies en nuestro sitio web para mejorar su experiencia de navegaci\u00f3n y mostrarle informaci\u00f3n relevante de BeatRoute cuando visite otras propiedades de Internet.<\/p>\n<p>El usuario acepta que BeatRoute pueda utilizar la informaci\u00f3n personal enviada a trav\u00e9s de nuestra p\u00e1gina web para compartir contenidos informativos de marketing de BeatRoute. Sin embargo, toda esta informaci\u00f3n personal estar\u00e1 sujeta a nuestra pol\u00edtica de privacidad.<\/p>\n<p>Cualquier nueva funci\u00f3n o herramienta que se a\u00f1ada al sitio web actual tambi\u00e9n estar\u00e1 sujeta a las Condiciones de servicio aqu\u00ed establecidas. Puede consultar la versi\u00f3n m\u00e1s actualizada de las Condiciones del servicio en cualquier momento en esta p\u00e1gina. Nos reservamos el derecho a actualizar, cambiar o sustituir cualquier parte de estas Condiciones del servicio mediante la publicaci\u00f3n de actualizaciones y\/o cambios en nuestro sitio web. Es su responsabilidad revisar esta p\u00e1gina peri\u00f3dicamente para comprobar si se han producido cambios. El uso continuado o el acceso al sitio web tras la publicaci\u00f3n de cualquier cambio constituye la aceptaci\u00f3n de dichos cambios.<br><br><br><\/p>\n<\/div>\n<div class=\"hygiene-text-wrap\">\n<h2>Usuarios del portal BeatRoute y de la aplicaci\u00f3n m\u00f3vil<\/h2>\n<p>El portal BeatRoute y la aplicaci\u00f3n m\u00f3vil pueden ser utilizados por el comprador o el suscriptor de nuestra plataforma de software, una empresa o un particular (que adquiere una cuenta BeatRoute) o los empleados de la empresa o los miembros del equipo del particular.<\/p>\n<p>Todos estos usuarios aceptan las siguientes condiciones<\/p>\n<ul>\n<li>Mantendr\u00e1 la confidencialidad de los conocimientos de BeatRoute sobre este sistema de software y no compartir\u00e1 ning\u00fan detalle de la pantalla con nadie ajeno a su organizaci\u00f3n, excepto cuando la funcionalidad del software le permita compartir un enlace o transacci\u00f3n con un socio o cliente o sus empleados reconocidos por su empresa.<\/li>\n<li>No se dedicar\u00e1, directa o indirectamente, a la ingenier\u00eda inversa del c\u00f3digo de nuestro programa de software para ning\u00fan fin.<\/li>\n<li>Recibir\u00e1 algunas alertas y notificaciones en su n\u00famero de m\u00f3vil y direcci\u00f3n de correo electr\u00f3nico registrados a trav\u00e9s de diversos canales de comunicaci\u00f3n, aunque estar\u00e1n estrictamente relacionadas con su trabajo y su rendimiento laboral.<\/li>\n<li>Ha le\u00eddo nuestra pol\u00edtica de privacidad y est\u00e1 de acuerdo con ella.<\/li>\n<li>No introducir\u00e1\/cargar\u00e1 ning\u00fan dato que no sea propiedad de su empresa o que se haya generado fuera del curso normal del desempe\u00f1o de sus funciones para su empresa.<\/li>\n<li>No introducir\u00e1\/cargar\u00e1 ning\u00fan dato o contenido que se considere una violaci\u00f3n de la confidencialidad de terceros o que sea considerado ilegal por las leyes del pa\u00eds en el que est\u00e9 utilizando el sistema.<br><br><br><\/li>\n<\/ul>\n<\/div>\n<div class=\"hygiene-text-wrap\">\n<h2>Secci\u00f3n 3 - Terceros usuarios invitados<\/h2>\n<p>Las aplicaciones m\u00f3viles de BeatRoute o una versi\u00f3n limitada de nuestro portal web (podr\u00eda ser una \u00fanica p\u00e1gina web) tambi\u00e9n pueden ser utilizadas por los socios del comprador de la cuenta BeatRoute, los empleados de los socios, los clientes o los empleados de los clientes, que han sido invitados a acceder a la informaci\u00f3n.<\/p>\n<p>Todos estos usuarios aceptan las siguientes condiciones<\/p>\n<ul>\n<li>Ha le\u00eddo nuestra pol\u00edtica de privacidad y est\u00e1 de acuerdo con ella<\/li>\n<li>Al seguir utilizando la aplicaci\u00f3n, el portal o una p\u00e1gina web, acepta que la informaci\u00f3n relacionada con sus transacciones comerciales se almacene en la plataforma BeatRoute, manteniendo la confidencialidad de sus datos y la privacidad de los datos personales del usuario final.<\/li>\n<li>Si compra productos a trav\u00e9s de la aplicaci\u00f3n BeatRoute, acepta realizar dichas transacciones y acepta las condiciones de entrega y pago que se le comuniquen por separado y no responsabiliza a BeatRoute de ning\u00fan incumplimiento.<\/li>\n<li>Si ha realizado un pedido en la plataforma BeatRoute, el proveedor asociado tiene derecho a rechazar una entrega<\/li>\n<li>El suscriptor de BeatRoute, que le ha invitado a utilizar el sistema, se reserva el derecho a no listar determinados productos en su territorio o a venderlos a un precio diferenciado siempre que lo permita la legislaci\u00f3n vigente del pa\u00eds<\/li>\n<li>Usted acepta que mantener la confidencialidad de su credencial de inicio de sesi\u00f3n es su responsabilidad y BeatRoute o BeatRoute comprador, que le invit\u00f3 a ser un usuario de pago o de forma gratuita no posee ninguna responsabilidad<\/li>\n<li>No se dedicar\u00e1, directa o indirectamente, a la ingenier\u00eda inversa del c\u00f3digo de nuestro programa de software para ning\u00fan fin.<\/li>\n<li>Usted se compromete a indemnizar a BeatRoute comprador, que le invit\u00f3 a utilizar el servicio contra cualquier da\u00f1o resultante de la violaci\u00f3n de la confidencialidad de los datos de negocios para su negligencia y el incumplimiento<\/li>\n<li>Ha le\u00eddo nuestras condiciones de privacidad y las acepta<\/li>\n<li>No introducir\u00e1 ni cargar\u00e1 datos que no sean de su propiedad o de su empresa.<\/li>\n<li>No introducir\u00e1\/cargar\u00e1 ning\u00fan dato o contenido que se considere una violaci\u00f3n de la confidencialidad de terceros o que sea considerado ilegal por las leyes del pa\u00eds en el que est\u00e9 utilizando el sistema.<br><br><br><\/li>\n<\/ul>\n<\/div>\n<div class=\"hygiene-text-wrap\">\n<h2>Condiciones generales<\/h2>\n<p>Nos reservamos el derecho a denegar el servicio a cualquier persona por cualquier motivo y en cualquier momento.<\/p>\n<p>Usted entiende que su contenido (sin incluir la informaci\u00f3n de la tarjeta de cr\u00e9dito), puede ser transferido sin cifrar e implicar (a) transmisiones a trav\u00e9s de varias redes; y (b) cambios para ajustarse y adaptarse a los requisitos t\u00e9cnicos de las redes o dispositivos de conexi\u00f3n. La informaci\u00f3n de las tarjetas de cr\u00e9dito siempre se encripta durante la transferencia a trav\u00e9s de las redes.<\/p>\n<p>Usted se compromete a no reproducir, duplicar, copiar, vender, revender o explotar cualquier parte del Servicio, el uso del Servicio, o el acceso al Servicio o cualquier contacto en el sitio web o aplicaci\u00f3n a trav\u00e9s de la cual se presta el servicio, sin el permiso expreso y por escrito de nosotros.<\/p>\n<p>Los encabezamientos utilizados en este acuerdo se incluyen \u00fanicamente por comodidad y no limitar\u00e1n ni afectar\u00e1n de otro modo a estas Condiciones.<br><br><br><\/p>\n<\/div>\n<div class=\"hygiene-text-wrap\">\n<h2>Exactitud, integridad y puntualidad de la informaci\u00f3n<\/h2>\n<p>Usted entiende que hacemos todo lo posible por proporcionarle la informaci\u00f3n m\u00e1s precisa, completa y oportuna posible, aunque puede haber contenidos de terceros, como mapas, que pueden ser ligeramente inexactos o informaci\u00f3n derivada procesada anal\u00edticamente que puede no estar totalmente actualizada.<br><br><br><\/p>\n<\/div>\n<div class=\"hygiene-text-wrap\">\n<h2>Herramientas y servicios opcionales<\/h2>\n<p>Es posible que le proporcionemos acceso a herramientas de terceros sobre las que no ejercemos ning\u00fan control.<\/p>\n<p>Usted reconoce y acepta que proporcionamos acceso a dichas herramientas y servicios \"tal cual\" y \"seg\u00fan disponibilidad\", sin garant\u00edas, declaraciones ni condiciones de ning\u00fan tipo y sin ning\u00fan tipo de respaldo. No tendremos responsabilidad alguna derivada o relacionada con su uso de herramientas opcionales de terceros.<\/p>\n<p>Cualquier uso que usted haga de las herramientas opcionales que se ofrecen a trav\u00e9s del sitio es bajo su propio riesgo y discreci\u00f3n, y debe asegurarse de que conoce y aprueba los t\u00e9rminos en los que las herramientas son proporcionadas por el proveedor o proveedores externos pertinentes.<\/p>\n<p>Es posible que en el futuro ofrezcamos nuevos servicios y\/o funciones a trav\u00e9s del sitio web o de la aplicaci\u00f3n m\u00f3vil (incluido el lanzamiento de nuevas herramientas y recursos). Estas nuevas funciones y\/o servicios tambi\u00e9n estar\u00e1n sujetos a las presentes Condiciones de servicio.<br><br><br><\/p>\n<\/div>\n<div class=\"hygiene-text-wrap\">\n<h2>Enlaces de terceros<\/h2>\n<p>Algunos contenidos, productos y servicios disponibles a trav\u00e9s de nuestro Servicio pueden incluir materiales de terceros. Por ejemplo, informaci\u00f3n de un proveedor de cr\u00e9ditos para compradores en la aplicaci\u00f3n m\u00f3vil del cliente para hacer uso de cr\u00e9ditos. Los enlaces de terceros en este sitio pueden dirigirle a sitios web de terceros que no est\u00e1n afiliados a nosotros. No somos responsables de examinar o evaluar el contenido o la exactitud y no garantizamos y no tendremos ninguna responsabilidad por cualquier material de terceros o sitios web, o por cualquier otro material, productos o servicios de terceros....<\/p>\n<p>No nos hacemos responsables de ning\u00fan da\u00f1o o perjuicio relacionado con la compra o el uso de bienes, servicios, recursos, contenidos o cualquier otra transacci\u00f3n realizada en relaci\u00f3n con sitios web de terceros. Revise detenidamente las pol\u00edticas y pr\u00e1cticas de terceros y aseg\u00farese de que las comprende antes de realizar cualquier transacci\u00f3n. Las quejas, reclamaciones, inquietudes o preguntas sobre productos de terceros deben dirigirse a \u00e9stos.<br><br><br><\/p>\n<\/div>\n<div class=\"hygiene-text-wrap\">\n<h2>Comentarios de los usuarios<\/h2>\n<p>Si, a petici\u00f3n nuestra, usted env\u00eda determinados env\u00edos espec\u00edficos (por ejemplo, participaciones en concursos) o sin que nosotros se lo pidamos env\u00eda ideas creativas, sugerencias, propuestas, planes u otros materiales, ya sea en l\u00ednea, por correo electr\u00f3nico, por correo postal o de otro modo (colectivamente, \"comentarios\"), usted acepta que podamos, en cualquier momento y sin restricciones, editar, copiar, publicar, distribuir, traducir y utilizar de otro modo en cualquier medio cualquier comentario que usted nos env\u00ede. No estamos ni estaremos obligados (1) a mantener la confidencialidad de ning\u00fan comentario; (2) a pagar una compensaci\u00f3n por ning\u00fan comentario; ni (3) a responder a ning\u00fan comentario.<\/p>\n<p>Podemos, pero no tenemos ninguna obligaci\u00f3n de, controlar, editar o eliminar el contenido que determinemos a nuestra entera discreci\u00f3n que es ilegal, ofensivo, amenazante, calumnioso, difamatorio, pornogr\u00e1fico, obsceno o de otra manera objetable o que viole la propiedad intelectual de cualquier parte o estos T\u00e9rminos de Servicio.<br><br><br><\/p>\n<\/div>\n<div class=\"hygiene-text-wrap\">\n<h2>Errores, imprecisiones y omisiones<\/h2>\n<p>Ocasionalmente puede haber informaci\u00f3n en nuestro sitio o en el Servicio que contenga errores tipogr\u00e1ficos, inexactitudes u omisiones que puedan estar relacionadas con descripciones de productos, precios, promociones, ofertas, gastos de env\u00edo de productos, tiempos de tr\u00e1nsito y disponibilidad. Nos reservamos el derecho de corregir cualquier error, inexactitud u omisi\u00f3n, y de cambiar o actualizar la informaci\u00f3n o cancelar los pedidos si cualquier informaci\u00f3n en el Servicio o en cualquier sitio web relacionado o aplicaci\u00f3n m\u00f3vil es inexacta en cualquier momento sin previo aviso (incluso despu\u00e9s de haber enviado su pedido)....<\/p>\n<p>No asumimos ninguna obligaci\u00f3n de actualizar, modificar o aclarar la informaci\u00f3n contenida en el Servicio o en cualquier sitio web relacionado, incluida, sin limitaci\u00f3n, la informaci\u00f3n sobre precios, salvo que as\u00ed lo exija la ley. Ninguna fecha especificada de actualizaci\u00f3n o puesta al d\u00eda aplicada en el Servicio o en cualquier sitio web relacionado debe tomarse para indicar que toda la informaci\u00f3n en el Servicio o en cualquier sitio web relacionado ha sido modificada o actualizada.<br><br><br><\/p>\n<\/div>\n<div class=\"hygiene-text-wrap\">\n<h2>Uso prohibido<\/h2>\n<p>Adem\u00e1s de otras prohibiciones establecidas en las Condiciones del servicio, se le proh\u00edbe utilizar el sitio o su contenido (a) para cualquier fin il\u00edcito; (b) para solicitar a otros que realicen o participen en cualquier acto il\u00edcito; (c) para infringir cualquier reglamento, norma, ley u ordenanza local internacional, federal, provincial o estatal; (d) para infringir o violar nuestros derechos de propiedad intelectual o los derechos de propiedad intelectual de otros; (e) acosar, abusar, insultar, da\u00f1ar, difamar, calumniar, menospreciar, intimidar o discriminar por motivos de g\u00e9nero, orientaci\u00f3n sexual, religi\u00f3n, etnia, raza, edad, nacionalidad o discapacidad; (f) enviar informaci\u00f3n falsa o enga\u00f1osa; (g) cargar o transmitir virus o cualquier otro tipo de c\u00f3digo malicioso que afecte o pueda afectar de alg\u00fan modo a la funcionalidad o al funcionamiento del Servicio o de cualquier sitio web relacionado, de otros sitios web o de Internet; (h) recopilar o rastrear la informaci\u00f3n personal de otros; (i) para spam, phishing, pharm, pretext, spider, crawl, o scrape; (j) para cualquier prop\u00f3sito obsceno o inmoral; o (k) para interferir o eludir las funciones de seguridad del Servicio o de cualquier sitio web relacionado, otros sitios web o Internet. Nos reservamos el derecho a poner fin a su uso del Servicio o de cualquier sitio web relacionado por infringir cualquiera de los usos prohibidos.<br><br><br><\/p>\n<\/div>\n<div class=\"hygiene-text-wrap\">\n<h2>Exclusi\u00f3n de garant\u00edas; limitaci\u00f3n de responsabilidad<\/h2>\n<p>No garantizamos que el uso de nuestro servicio sea ininterrumpido, puntual, seguro o libre de errores.<\/p>\n<p>No garantizamos que los resultados que puedan obtenerse del uso del servicio sean precisos o fiables.<\/p>\n<p>Usted acepta que de vez en cuando podemos eliminar el servicio por per\u00edodos indefinidos de tiempo o cancelar el servicio en cualquier momento, sin previo aviso.<\/p>\n<p>Usted acepta expresamente que el uso que haga del servicio, o la imposibilidad de utilizarlo, ser\u00e1 por su cuenta y riesgo. El servicio y todos los productos y servicios que se le entregan a trav\u00e9s del servicio se proporcionan (salvo que nosotros lo indiquemos expresamente) \"tal cual\" y \"seg\u00fan disponibilidad\" para su uso, sin ninguna representaci\u00f3n, garant\u00eda o condici\u00f3n de ning\u00fan tipo, ya sea expresa o impl\u00edcita, incluidas todas las garant\u00edas o condiciones impl\u00edcitas de comerciabilidad, calidad comercial, idoneidad para un fin determinado, durabilidad, titularidad y no infracci\u00f3n.<\/p>\n<p>En ning\u00fan caso BeatRoute Innovations Pvt. En ning\u00fan caso BeatRoute Innovations Pvt. Ltd., nuestros directores, funcionarios, empleados, afiliados, agentes, contratistas, pasantes, proveedores, proveedores de servicios o licenciantes ser\u00e1n responsables por cualquier lesi\u00f3n, p\u00e9rdida, reclamaci\u00f3n o cualquier da\u00f1o directo, indirecto, incidental, punitivo, especial o consecuente de cualquier tipo, incluyendo, sin limitaci\u00f3n, la p\u00e9rdida de beneficios, p\u00e9rdida de ingresos, p\u00e9rdida de ahorros, p\u00e9rdida de datos, costos de reemplazo, o cualquier da\u00f1o similar, ya sea basado en contrato, agravio (incluyendo negligencia), responsabilidad estricta o de otro tipo, que se deriven del uso que usted haga del servicio o de los productos que adquiera utilizando el servicio, o de cualquier otra reclamaci\u00f3n relacionada de alg\u00fan modo con el uso que usted haga del servicio o de cualquier producto, incluidos, entre otros, los errores u omisiones en cualquier contenido, o cualquier p\u00e9rdida o da\u00f1o de cualquier tipo en que se incurra como resultado del uso del servicio o de cualquier contenido (o producto) publicado, transmitido o puesto a disposici\u00f3n de alg\u00fan otro modo a trav\u00e9s del servicio, incluso si se avisa de su posibilidad. Dado que algunos estados o jurisdicciones no permiten la exclusi\u00f3n o la limitaci\u00f3n de responsabilidad por da\u00f1os consecuenciales o incidentales, en dichos estados o jurisdicciones, nuestra responsabilidad se limitar\u00e1 al m\u00e1ximo permitido por la ley.<br><br><br><\/p>\n<\/div>\n<div class=\"hygiene-text-wrap\">\n<h2>Legislaci\u00f3n vigente<\/h2>\n<p>Estas Condiciones del servicio y cualquier acuerdo independiente por el que le proporcionemos Servicios se regir\u00e1n e interpretar\u00e1n de acuerdo con las leyes de la India y la jurisdicci\u00f3n de Nueva Delhi.<br><br><br><\/p>\n<\/div>\n<div class=\"hygiene-text-wrap\">\n<h2>Informaci\u00f3n de contacto<\/h2>\n<p>Las preguntas sobre las Condiciones del servicio deben enviarse a support@beatroute.io.<br><br><br><\/p>\n<\/div>\n<\/div>\n\t\t\t\t\t\t\t\t<\/div>\n\t\t\t\t<\/div>\n\t\t\t\t\t<\/div>\n\t\t<\/div>\n\t\t\t\t\t<\/div>\n\t\t<\/section>\n\t\t\t\t<\/div>","protected":false},"excerpt":{"rendered":"<p>Terms &amp; Conditions Overview<\/p>","protected":false},"author":2,"featured_media":58968,"parent":0,"menu_order":0,"comment_status":"closed","ping_status":"closed","template":"","meta":{"_acf_changed":false,"_rsf_enable":false,"content-type":"","footnotes":""},"class_list":["post-8815","page","type-page","status-publish","has-post-thumbnail","hentry"],"acf":[],"_links":{"self":[{"href":"https:\/\/beatroute.io\/es\/wp-json\/wp\/v2\/pages\/8815","targetHints":{"allow":["GET"]}}],"collection":[{"href":"https:\/\/beatroute.io\/es\/wp-json\/wp\/v2\/pages"}],"about":[{"href":"https:\/\/beatroute.io\/es\/wp-json\/wp\/v2\/types\/page"}],"author":[{"embeddable":true,"href":"https:\/\/beatroute.io\/es\/wp-json\/wp\/v2\/users\/2"}],"replies":[{"embeddable":true,"href":"https:\/\/beatroute.io\/es\/wp-json\/wp\/v2\/comments?post=8815"}],"version-history":[{"count":0,"href":"https:\/\/beatroute.io\/es\/wp-json\/wp\/v2\/pages\/8815\/revisions"}],"wp:featuredmedia":[{"embeddable":true,"href":"https:\/\/beatroute.io\/es\/wp-json\/wp\/v2\/media\/58968"}],"wp:attachment":[{"href":"https:\/\/beatroute.io\/es\/wp-json\/wp\/v2\/media?parent=8815"}],"curies":[{"name":"wp","href":"https:\/\/api.w.org\/{rel}","templated":true}]}}